{"id":2,"date":"2025-06-09T10:41:45","date_gmt":"2025-06-09T10:41:45","guid":{"rendered":"https:\/\/mafilla.it\/?page_id=2"},"modified":"2025-06-11T15:19:15","modified_gmt":"2025-06-11T15:19:15","slug":"home","status":"publish","type":"page","link":"https:\/\/mafilla.it\/","title":{"rendered":"Home"},"content":{"rendered":"\t\t<div data-elementor-type=\"wp-page\" data-elementor-id=\"2\" class=\"elementor elementor-2\">\n\t\t\t\t<div class=\"elementor-element elementor-element-420c50d elementor-hidden-desktop elementor-hidden-tablet e-flex e-con-boxed e-con e-parent\" data-id=\"420c50d\" data-element_type=\"container\" data-e-type=\"container\">\n\t\t\t\t\t<div class=\"e-con-inner\">\n\t\t\t\t<div class=\"elementor-element elementor-element-ba973f6 elementor-widget elementor-widget-image\" data-id=\"ba973f6\" data-element_type=\"widget\" data-e-type=\"widget\" data-widget_type=\"image.default\">\n\t\t\t\t<div class=\"elementor-widget-container\">\n\t\t\t\t\t\t\t\t\t\t\t\t\t\t\t<img fetchpriority=\"high\" decoding=\"async\" width=\"800\" height=\"800\" src=\"https:\/\/mafilla.it\/wp-content\/uploads\/2025\/06\/Mafilla.svg\" class=\"attachment-large size-large wp-image-59\" alt=\"\" \/>\t\t\t\t\t\t\t\t\t\t\t\t\t\t\t<\/div>\n\t\t\t\t<\/div>\n\t\t\t\t\t<\/div>\n\t\t\t\t<\/div>\n\t\t<div class=\"elementor-element elementor-element-2c8b1e9 elementor-hidden-desktop elementor-hidden-tablet e-flex e-con-boxed e-con e-parent\" data-id=\"2c8b1e9\" data-element_type=\"container\" data-e-type=\"container\" data-settings=\"{&quot;background_background&quot;:&quot;classic&quot;}\">\n\t\t\t\t\t<div class=\"e-con-inner\">\n\t\t\t\t<div class=\"elementor-element elementor-element-376bdda elementor-widget elementor-widget-spacer\" data-id=\"376bdda\" data-element_type=\"widget\" data-e-type=\"widget\" data-widget_type=\"spacer.default\">\n\t\t\t\t<div class=\"elementor-widget-container\">\n\t\t\t\t\t\t\t<div class=\"elementor-spacer\">\n\t\t\t<div class=\"elementor-spacer-inner\"><\/div>\n\t\t<\/div>\n\t\t\t\t\t\t<\/div>\n\t\t\t\t<\/div>\n\t\t\t\t\t<\/div>\n\t\t\t\t<\/div>\n\t\t<div class=\"elementor-element elementor-element-7bdf9d3 elementor-hidden-mobile e-flex e-con-boxed e-con e-parent\" data-id=\"7bdf9d3\" data-element_type=\"container\" data-e-type=\"container\" data-settings=\"{&quot;background_background&quot;:&quot;classic&quot;}\">\n\t\t\t\t\t<div class=\"e-con-inner\">\n\t\t\t\t<div class=\"elementor-element elementor-element-585910c elementor-widget elementor-widget-spacer\" data-id=\"585910c\" data-element_type=\"widget\" data-e-type=\"widget\" data-widget_type=\"spacer.default\">\n\t\t\t\t<div class=\"elementor-widget-container\">\n\t\t\t\t\t\t\t<div class=\"elementor-spacer\">\n\t\t\t<div class=\"elementor-spacer-inner\"><\/div>\n\t\t<\/div>\n\t\t\t\t\t\t<\/div>\n\t\t\t\t<\/div>\n\t\t\t\t<div class=\"elementor-element elementor-element-051d114 elementor-widget elementor-widget-image\" data-id=\"051d114\" data-element_type=\"widget\" data-e-type=\"widget\" data-widget_type=\"image.default\">\n\t\t\t\t<div class=\"elementor-widget-container\">\n\t\t\t\t\t\t\t\t\t\t\t\t\t\t\t<img fetchpriority=\"high\" decoding=\"async\" width=\"800\" height=\"800\" src=\"https:\/\/mafilla.it\/wp-content\/uploads\/2025\/06\/Mafilla.svg\" class=\"attachment-large size-large wp-image-59\" alt=\"\" \/>\t\t\t\t\t\t\t\t\t\t\t\t\t\t\t<\/div>\n\t\t\t\t<\/div>\n\t\t\t\t\t<\/div>\n\t\t\t\t<\/div>\n\t\t<div class=\"elementor-element elementor-element-60cc4d4 e-flex e-con-boxed e-con e-parent\" data-id=\"60cc4d4\" data-element_type=\"container\" data-e-type=\"container\">\n\t\t\t\t\t<div class=\"e-con-inner\">\n\t\t\t\t<div class=\"elementor-element elementor-element-f0e4807 elementor-widget elementor-widget-text-editor\" data-id=\"f0e4807\" data-element_type=\"widget\" data-e-type=\"widget\" data-widget_type=\"text-editor.default\">\n\t\t\t\t<div class=\"elementor-widget-container\">\n\t\t\t\t\t\t\t\t\t<p>Mafilla \u00e8 il luogo dove la moda torna a vivere, grazie a collezioni selezionate ai prezzi pi\u00f9 competitivi.<\/p><p>Scarpe, borse, abbigliamento uomo e donna, con Mafilla puoi trovare intere collezioni come prodotti unici e ricercati.<\/p><p>Collaboriamo infatti con aziende nazionali e internazionali da cui ritiriamo capi e accessori di ogni stagione. Ogni pezzo viene selezionato attentamente, sottoposto a controlli rigorosi e solo dopo aver superato i nostri test di qualit\u00e0, proposti ai clienti, siano essi negozi, aziende o privati.<\/p><p>L\u2019autenticit\u00e0 e la qualit\u00e0 sono alla base della filosofia Mafilla e solo in questo modo possiamo offrire sempre le collezioni pi\u00f9 alla moda e in linea con le tendenze del momento.<\/p><p>Se vuoi rimanere aggiornato sul mondo Mafilla, seguici sui nostri profili social, saremo felici di accompagnarti in un viaggio fatto di moda sostenibile e alta qualit\u00e0.<\/p>\t\t\t\t\t\t\t\t<\/div>\n\t\t\t\t<\/div>\n\t\t\t\t\t<\/div>\n\t\t\t\t<\/div>\n\t\t<div class=\"elementor-element elementor-element-be01c7f e-flex e-con-boxed e-con e-parent\" data-id=\"be01c7f\" data-element_type=\"container\" data-e-type=\"container\" data-settings=\"{&quot;background_background&quot;:&quot;classic&quot;}\">\n\t\t\t\t\t<div class=\"e-con-inner\">\n\t\t<div class=\"elementor-element elementor-element-b3bf4dd e-con-full e-flex e-con e-child\" data-id=\"b3bf4dd\" data-element_type=\"container\" data-e-type=\"container\">\n\t\t\t\t<div class=\"elementor-element elementor-element-fca3e86 elementor-widget elementor-widget-text-editor\" data-id=\"fca3e86\" data-element_type=\"widget\" data-e-type=\"widget\" data-widget_type=\"text-editor.default\">\n\t\t\t\t<div class=\"elementor-widget-container\">\n\t\t\t\t\t\t\t\t\t<h1>Eventi<\/h1><p>La moda non ha confini e neanche Mafilla, per questo organizziamo in citt\u00e0 selezionate appuntamenti ed eventi per presentare le nostre collezioni.<\/p><p>Seguici sui nostri profili per essere sempre aggiornato sulle date e ricevere gli inviti personalizzati.<\/p>\t\t\t\t\t\t\t\t<\/div>\n\t\t\t\t<\/div>\n\t\t\t\t<\/div>\n\t\t<div class=\"elementor-element elementor-element-36f5138 e-con-full e-flex e-con e-child\" data-id=\"36f5138\" data-element_type=\"container\" data-e-type=\"container\">\n\t\t\t\t<div class=\"elementor-element elementor-element-c378b0e elementor-widget elementor-widget-text-editor\" data-id=\"c378b0e\" data-element_type=\"widget\" data-e-type=\"widget\" data-widget_type=\"text-editor.default\">\n\t\t\t\t<div class=\"elementor-widget-container\">\n\t\t\t\t\t\t\t\t\t<h1>Chi siamo<\/h1><p>Mafilla \u00e8 una societ\u00e0 giovane e dinamica, nata nel 2025 per dare nuova vita al maggior numero di capi possibile.<\/p><p>Attraverso Mafilla, vogliamo dialogare con produttori, distributori e magazzini di moda per offrire uno stile sempre pi\u00f9 sostenibile, ecologico e rinnovabile.<\/p><p>Non amiamo gli sprechi, ma amiamo le cose belle di qualit\u00e0.<\/p>\t\t\t\t\t\t\t\t<\/div>\n\t\t\t\t<\/div>\n\t\t\t\t<\/div>\n\t\t\t\t\t<\/div>\n\t\t\t\t<\/div>\n\t\t<div class=\"elementor-element elementor-element-8164e3a e-flex e-con-boxed e-con e-parent\" data-id=\"8164e3a\" data-element_type=\"container\" data-e-type=\"container\">\n\t\t\t\t\t<div class=\"e-con-inner\">\n\t\t<div class=\"elementor-element elementor-element-7842c0d e-con-full e-flex e-con e-child\" data-id=\"7842c0d\" data-element_type=\"container\" data-e-type=\"container\">\n\t\t\t\t<div class=\"elementor-element elementor-element-fa04280 elementor-widget elementor-widget-text-editor\" data-id=\"fa04280\" data-element_type=\"widget\" data-e-type=\"widget\" data-widget_type=\"text-editor.default\">\n\t\t\t\t<div class=\"elementor-widget-container\">\n\t\t\t\t\t\t\t\t\t<h1>Contatti<\/h1><p>Resta aggiornato sulle novit\u00e0 di Mafilla, <br \/>seguici sui nostri profili e partecipa insieme a noi a dare nuova vita allo sile.<\/p>\t\t\t\t\t\t\t\t<\/div>\n\t\t\t\t<\/div>\n\t\t<div class=\"elementor-element elementor-element-321c85d e-grid e-con-full e-con e-child\" data-id=\"321c85d\" data-element_type=\"container\" data-e-type=\"container\">\n\t\t\t\t<div class=\"elementor-element elementor-element-29fb11e elementor-position-top elementor-widget elementor-widget-image-box\" data-id=\"29fb11e\" data-element_type=\"widget\" data-e-type=\"widget\" data-widget_type=\"image-box.default\">\n\t\t\t\t<div class=\"elementor-widget-container\">\n\t\t\t\t\t<div class=\"elementor-image-box-wrapper\"><figure class=\"elementor-image-box-img\"><a href=\"https:\/\/www.instagram.com\/mafillastudio?igsh=dGVkY3M5MmF3a3E1\" target=\"_blank\" tabindex=\"-1\"><img decoding=\"async\" width=\"100\" height=\"100\" src=\"https:\/\/mafilla.it\/wp-content\/uploads\/2025\/06\/instagram.png\" class=\"elementor-animation-grow attachment-full size-full wp-image-37\" alt=\"\" \/><\/a><\/figure><\/div>\t\t\t\t<\/div>\n\t\t\t\t<\/div>\n\t\t\t\t<div class=\"elementor-element elementor-element-677b0bd elementor-position-top elementor-widget elementor-widget-image-box\" data-id=\"677b0bd\" data-element_type=\"widget\" data-e-type=\"widget\" data-widget_type=\"image-box.default\">\n\t\t\t\t<div class=\"elementor-widget-container\">\n\t\t\t\t\t<div class=\"elementor-image-box-wrapper\"><figure class=\"elementor-image-box-img\"><a href=\"https:\/\/www.vinted.it\/member\/263346063-mafilla\" target=\"_blank\" tabindex=\"-1\"><img decoding=\"async\" width=\"100\" height=\"100\" src=\"https:\/\/mafilla.it\/wp-content\/uploads\/2025\/06\/vinted.png\" class=\"elementor-animation-grow attachment-full size-full wp-image-38\" alt=\"\" \/><\/a><\/figure><\/div>\t\t\t\t<\/div>\n\t\t\t\t<\/div>\n\t\t\t\t<div class=\"elementor-element elementor-element-d49c82e elementor-position-top elementor-widget elementor-widget-image-box\" data-id=\"d49c82e\" data-element_type=\"widget\" data-e-type=\"widget\" data-widget_type=\"image-box.default\">\n\t\t\t\t<div class=\"elementor-widget-container\">\n\t\t\t\t\t<div class=\"elementor-image-box-wrapper\"><figure class=\"elementor-image-box-img\"><a href=\"https:\/\/www.facebook.com\/profile.php?id=61575049555441&#038;rdid=B1xMnwevRhXlXQGe&#038;share_url=https%3A%2F%2Fwww.facebook.com%2Fshare%2F19CbxcDmgB%2F#\" target=\"_blank\" tabindex=\"-1\"><img loading=\"lazy\" decoding=\"async\" width=\"100\" height=\"100\" src=\"https:\/\/mafilla.it\/wp-content\/uploads\/2025\/06\/fb.png\" class=\"elementor-animation-grow attachment-full size-full wp-image-63\" alt=\"\" \/><\/a><\/figure><\/div>\t\t\t\t<\/div>\n\t\t\t\t<\/div>\n\t\t\t\t<\/div>\n\t\t\t\t<div class=\"elementor-element elementor-element-1c9ff74 elementor-widget elementor-widget-text-editor\" data-id=\"1c9ff74\" data-element_type=\"widget\" data-e-type=\"widget\" data-widget_type=\"text-editor.default\">\n\t\t\t\t<div class=\"elementor-widget-container\">\n\t\t\t\t\t\t\t\t\t<p>Mafilla Studio<br \/>Via Don Minzoni, 2348022 Lugo (RA)<br \/><a href=\"mailto:info@mafilla.it\">info@mafilla.it<\/a><\/p>\t\t\t\t\t\t\t\t<\/div>\n\t\t\t\t<\/div>\n\t\t\t\t<\/div>\n\t\t\t\t\t<\/div>\n\t\t\t\t<\/div>\n\t\t\t\t<\/div>\n\t\t","protected":false},"excerpt":{"rendered":"<p>Mafilla \u00e8 il luogo dove la moda torna a vivere, grazie a collezioni selezionate ai prezzi pi\u00f9 competitivi. Scarpe, borse, abbigliamento uomo e donna, con Mafilla puoi trovare intere collezioni come prodotti unici e ricercati. Collaboriamo infatti con aziende nazionali e internazionali da cui ritiriamo capi e accessori di ogni stagione. Ogni pezzo viene selezionato [&hellip;]<\/p>\n","protected":false},"author":1,"featured_media":0,"parent":0,"menu_order":0,"comment_status":"closed","ping_status":"closed","template":"","meta":{"inline_featured_image":false,"footnotes":""},"class_list":["post-2","page","type-page","status-publish","hentry"],"_links":{"self":[{"href":"https:\/\/mafilla.it\/index.php\/wp-json\/wp\/v2\/pages\/2","targetHints":{"allow":["GET"]}}],"collection":[{"href":"https:\/\/mafilla.it\/index.php\/wp-json\/wp\/v2\/pages"}],"about":[{"href":"https:\/\/mafilla.it\/index.php\/wp-json\/wp\/v2\/types\/page"}],"author":[{"embeddable":true,"href":"https:\/\/mafilla.it\/index.php\/wp-json\/wp\/v2\/users\/1"}],"replies":[{"embeddable":true,"href":"https:\/\/mafilla.it\/index.php\/wp-json\/wp\/v2\/comments?post=2"}],"version-history":[{"count":43,"href":"https:\/\/mafilla.it\/index.php\/wp-json\/wp\/v2\/pages\/2\/revisions"}],"predecessor-version":[{"id":76,"href":"https:\/\/mafilla.it\/index.php\/wp-json\/wp\/v2\/pages\/2\/revisions\/76"}],"wp:attachment":[{"href":"https:\/\/mafilla.it\/index.php\/wp-json\/wp\/v2\/media?parent=2"}],"curies":[{"name":"wp","href":"https:\/\/api.w.org\/{rel}","templated":true}]}}